{"id":528,"date":"2021-02-06T03:39:32","date_gmt":"2021-02-06T03:39:32","guid":{"rendered":"http:\/\/luatsudonga.org.vn\/?page_id=528"},"modified":"2021-02-08T06:30:58","modified_gmt":"2021-02-08T06:30:58","slug":"investment-consultant-merger-acquisition","status":"publish","type":"page","link":"http:\/\/luatsudonga.org.vn\/index.php\/en\/investment-consultant-merger-acquisition\/","title":{"rendered":"Investment consultant &#038; merger &#038; acquisition"},"content":{"rendered":"<p>[vc_row][vc_column][tt_title_shortcode heading=&#8221;Investment consultant &amp; merger &amp; acquisition&#8221; size=&#8221;h2&#8243; topheading=&#8221;Legal service&#8221;][vc_column_text]<\/p>\n<p style=\"text-align: justify;\"><span style=\"font-weight: bold; font-size: 75px; padding-top: 4px; padding-right: 5px; float: left; line-height: 56px;\">C<\/span>\u00e1c lu\u1eadt s\u01b0 c\u1ee7a ch\u00fang t\u00f4i \u0111\u1ec1u nh\u1eadn th\u1ee9c s\u00e2u s\u1eafc r\u1eb1ng l\u1eadp k\u1ebf ho\u1ea1ch t\u00e0i ch\u00ednh v\u00e0 thu\u1ebf l\u00e0 nh\u1eefng v\u1ea5n \u0111\u1ec1 mang \u00fd ngh\u0129a s\u1ed1ng c\u00f2n kh\u00f4ng ch\u1ec9 v\u1edbi c\u00e1c d\u1ef1 \u00e1n \u0111\u1ea7u t\u01b0 m\u1edbi m\u00e0 c\u00f2n l\u00e0 m\u1ed9t ph\u1ea7n thi\u1ebft y\u1ebfu \u0111\u1ed1i v\u1edbi chi\u1ebfn l\u01b0\u1ee3c kinh doanh c\u1ee7a doanh nghi\u1ec7p. V\u1edbi kinh nghi\u1ec7m t\u00edch l\u0169y \u0111\u01b0\u1ee3c t\u1eeb vi\u1ec7c h\u1ed7 tr\u1ee3 nhi\u1ec1u d\u1ef1 \u00e1n \u0111\u1ea7u t\u01b0 trong vi\u1ec7c s\u1eafp x\u1ebfp ngu\u1ed3n v\u1ed1n, c\u00e1c lu\u1eadt s\u01b0 thu\u1ed9c b\u1ed9 ph\u1eadn n\u00e0y c\u00f3 th\u1ec3 tr\u1ee3 gi\u00fap kh\u00e1ch h\u00e0ng trong c\u00e1c ho\u1ea1t \u0111\u1ed9ng sau:<\/p>\n<p style=\"text-align: justify;\">\u2022 T\u01b0 v\u1ea5n qu\u1ea3n l\u00fd t\u00e0i ch\u00ednh cho c\u00e1c lo\u1ea1i d\u1ef1 \u00e1n (d\u1ef1 \u00e1n s\u1eed d\u1ee5ng v\u1ed1n ODA, d\u1ef1 \u00e1n BOT, BTO, BT v\u00e0 nh\u1eefng d\u1ef1 \u00e1n \u0111\u1ea7u t\u01b0 n\u01b0\u1edbc ngo\u00e0i kh\u00e1c) trong c\u00e1c ng\u00e0nh kinh doanh kh\u00e1c nhau, an to\u00e0n trong vi\u1ec7c vay n\u1ee3 trong v\u00e0 ngo\u00e0i n\u01b0\u1edbc, qu\u00e1 tr\u00ecnh vay n\u1ee3 \u0111\u01b0\u1ee3c ch\u1ea5p thu\u1eadn v\u00e0 \u0111\u1ea3m b\u1ea3o;<\/p>\n<p style=\"text-align: justify;\">\u2022 T\u01b0 v\u1ea5n v\u1ec1 m\u1ecdi kh\u00eda c\u1ea1nh li\u00ean quan \u0111\u1ebfn thu\u1ebf c\u1ee7a doanh nghi\u1ec7p v\u00e0 thu\u1ebf thu nh\u1eadp c\u00e1 nh\u00e2n cho c\u00e1c doanh nghi\u1ec7p trong v\u00e0 ngo\u00e0i n\u01b0\u1edbc; ho\u00e0n thu\u1ebf v\u00e0 \u01b0u \u0111\u00e3i mi\u1ec5n gi\u1ea3m thu\u1ebf;<\/p>\n<p style=\"text-align: justify;\">\u2022 T\u01b0 v\u1ea5n l\u1eadp k\u1ebf ho\u1ea1ch kinh doanh, k\u1ec3 c\u1ea3 t\u01b0 v\u1ea5n v\u1ec1 thu\u1ebf cho c\u00e1 nh\u00e2n, doanh nghi\u1ec7p Vi\u1ec7t Nam ho\u1ea1t \u0111\u1ed9ng \u1edf n\u01b0\u1edbc ngo\u00e0i v\u00e0 ng\u01b0\u1eddi n\u01b0\u1edbc ngo\u00e0i ho\u1ea1t \u0111\u1ed9ng kinh doanh t\u1ea1i Vi\u1ec7t Nam;<\/p>\n<p style=\"text-align: justify;\">\u2022 T\u01b0 v\u1ea5n v\u1ec1 vi\u1ec7c g\u00f3p v\u1ed1n, h\u1ee3p t\u00e1c kinh doanh, ph\u00e2n chia l\u1ee3i nhu\u1eadn, k\u1ec3 c\u1ea3 c\u00e1c tr\u01b0\u1eddng h\u1ee3p mi\u1ec5n thu\u1ebf;<\/p>\n<p style=\"text-align: justify;\">\u2022 S\u00e1p nh\u1eadp, th\u00e0nh l\u1eadp, ho\u1ea1t \u0111\u1ed9ng, t\u1ed5 ch\u1ee9c l\u1ea1i v\u00e0 gi\u1ea3i th\u1ec3 c\u00f4ng ty, c\u00e1c c\u00f4ng ty c\u00f3 v\u1ed1n \u0111\u1ea7u t\u01b0 trong n\u01b0\u1edbc v\u00e0 n\u01b0\u1edbc ngo\u00e0i, v\u0103n ph\u00f2ng \u0111\u1ea1i di\u1ec7n v\u00e0 chi nh\u00e1nh c\u00f4ng ty n\u01b0\u1edbc ngo\u00e0i t\u1ea1i Vi\u1ec7t Nam;<\/p>\n<p style=\"text-align: justify;\">\u2022 T\u1ea5t c\u1ea3 c\u00e1c l\u0129nh v\u1ef1c v\u1ec1 \u0111\u1ea7u t\u01b0 bao g\u1ed3m: l\u1ef1a ch\u1ecdn c\u01a1 c\u1ea5u \u0111\u1ea7u t\u01b0, m\u00f4 h\u00ecnh qu\u1ea3n l\u00fd t\u00e0i ch\u00ednh, M&amp;A.<\/p>\n<p>[\/vc_column_text][\/vc_column][\/vc_row]<\/p>\n","protected":false},"excerpt":{"rendered":"<p>[vc_row][vc_column][tt_title_shortcode heading=&#8221;Investment consultant &amp; merger &amp; acquisition&#8221; size=&#8221;h2&#8243; topheading=&#8221;Legal service&#8221;][vc_column_text] C\u00e1c lu\u1eadt s\u01b0 c\u1ee7a ch\u00fang t\u00f4i \u0111\u1ec1u nh\u1eadn th\u1ee9c s\u00e2u s\u1eafc r\u1eb1ng l\u1eadp k\u1ebf ho\u1ea1ch t\u00e0i ch\u00ednh v\u00e0 thu\u1ebf l\u00e0 nh\u1eefng v\u1ea5n \u0111\u1ec1 mang \u00fd ngh\u0129a s\u1ed1ng c\u00f2n kh\u00f4ng ch\u1ec9 v\u1edbi c\u00e1c d\u1ef1 \u00e1n \u0111\u1ea7u t\u01b0 m\u1edbi m\u00e0 c\u00f2n l\u00e0 m\u1ed9t ph\u1ea7n thi\u1ebft y\u1ebfu \u0111\u1ed1i [&hellip;]<\/p>\n","protected":false},"author":1,"featured_media":0,"parent":0,"menu_order":0,"comment_status":"closed","ping_status":"closed","template":"","meta":[],"_links":{"self":[{"href":"http:\/\/luatsudonga.org.vn\/index.php\/wp-json\/wp\/v2\/pages\/528"}],"collection":[{"href":"http:\/\/luatsudonga.org.vn\/index.php\/wp-json\/wp\/v2\/pages"}],"about":[{"href":"http:\/\/luatsudonga.org.vn\/index.php\/wp-json\/wp\/v2\/types\/page"}],"author":[{"embeddable":true,"href":"http:\/\/luatsudonga.org.vn\/index.php\/wp-json\/wp\/v2\/users\/1"}],"replies":[{"embeddable":true,"href":"http:\/\/luatsudonga.org.vn\/index.php\/wp-json\/wp\/v2\/comments?post=528"}],"version-history":[{"count":3,"href":"http:\/\/luatsudonga.org.vn\/index.php\/wp-json\/wp\/v2\/pages\/528\/revisions"}],"predecessor-version":[{"id":621,"href":"http:\/\/luatsudonga.org.vn\/index.php\/wp-json\/wp\/v2\/pages\/528\/revisions\/621"}],"wp:attachment":[{"href":"http:\/\/luatsudonga.org.vn\/index.php\/wp-json\/wp\/v2\/media?parent=528"}],"curies":[{"name":"wp","href":"https:\/\/api.w.org\/{rel}","templated":true}]}}