{"id":387,"date":"2021-02-01T06:24:25","date_gmt":"2021-02-01T06:24:25","guid":{"rendered":"http:\/\/luatsudonga.org.vn\/?page_id=387"},"modified":"2021-02-01T06:24:25","modified_gmt":"2021-02-01T06:24:25","slug":"cac-linh-vuc-phap-ly-khac","status":"publish","type":"page","link":"http:\/\/luatsudonga.org.vn\/index.php\/cac-linh-vuc-phap-ly-khac\/","title":{"rendered":"C\u00e1c l\u0129nh v\u1ef1c ph\u00e1p l\u00fd kh\u00e1c"},"content":{"rendered":"<p>[vc_row][vc_column][tt_title_shortcode heading=&#8221;C\u00e1c l\u0129nh v\u1ef1c ph\u00e1p l\u00fd kh\u00e1c&#8221; size=&#8221;h2&#8243; topheading=&#8221;D\u1ecbch v\u1ee5 ph\u00e1p l\u00fd&#8221;][vc_column_text]<\/p>\n<p style=\"text-align: left;\">\u2022 Tham gia gi\u1ea3i quy\u1ebft tranh ch\u1ea5p li\u00ean quan \u0111\u1ebfn Tr\u1ecdng t\u00e0i th\u01b0\u01a1ng m\u1ea1i v\u00e0 tham gia t\u1ed1 t\u1ee5ng tr\u1ecdng t\u00e0i;<\/p>\n<p style=\"text-align: left;\">\u2022 Th\u00e0nh l\u1eadp doanh nghi\u1ec7p; thay \u0111\u1ed5i b\u1ed5 sung ng\u00e0nh ngh\u1ec1 kinh doanh, thay \u0111\u1ed5i th\u00e0nh vi\u00ean, c\u1ed5 \u0111\u00f4ng, t\u0103ng v\u1ed1n;\u2026<\/p>\n<p style=\"text-align: left;\">\u2022 \u0110\u1ea1i di\u1ec7n Doanh nghi\u1ec7p tham gia \u0111\u00e0m ph\u00e1n, th\u01b0\u01a1ng l\u01b0\u1ee3ng k\u00fd k\u1ebft h\u1ee3p \u0111\u1ed3ng, so\u1ea1n th\u1ea3o h\u1ee3p \u0111\u1ed3ng v\u00e0 gi\u1ea3i quy\u1ebft c\u00e1c tranh ch\u1ea5p ph\u00e1t sinh;<\/p>\n<p style=\"text-align: left;\">\u2022 H\u1ee3p th\u1ee9c h\u00f3a nh\u00e0 \u0111\u1ea5t; mua b\u00e1n, t\u1eb7ng cho t\u00e0i s\u1ea3n; K\u00ea khai di s\u1ea3n th\u1eeba k\u1ebf; Di ch\u00fac; K\u1ebft h\u00f4n c\u00f3 y\u1ebfu t\u1ed1 n\u01b0\u1edbc ngo\u00e0i; nh\u1eadp, th\u00f4i Qu\u1ed1c t\u1ecbch Vi\u1ec7t Nam, xin c\u1ea5p L\u00fd l\u1ecbch T\u01b0 ph\u00e1p;<\/p>\n<p style=\"text-align: left;\">\u2022 Khi\u1ebfu n\u1ea1i, t\u1ed1 c\u00e1o trong c\u00e1c l\u0129nh v\u1ef1c; nh\u01b0\u1ee3ng quy\u1ec1n th\u01b0\u01a1ng m\u1ea1i, Lu\u1eadt s\u01b0 ri\u00eang.<\/p>\n<p>[\/vc_column_text][\/vc_column][\/vc_row]<\/p>\n","protected":false},"excerpt":{"rendered":"<p>[vc_row][vc_column][tt_title_shortcode heading=&#8221;C\u00e1c l\u0129nh v\u1ef1c ph\u00e1p l\u00fd kh\u00e1c&#8221; size=&#8221;h2&#8243; topheading=&#8221;D\u1ecbch v\u1ee5 ph\u00e1p l\u00fd&#8221;][vc_column_text] \u2022 Tham gia gi\u1ea3i quy\u1ebft tranh ch\u1ea5p li\u00ean quan \u0111\u1ebfn Tr\u1ecdng t\u00e0i th\u01b0\u01a1ng m\u1ea1i v\u00e0 tham gia t\u1ed1 t\u1ee5ng tr\u1ecdng t\u00e0i; \u2022 Th\u00e0nh l\u1eadp doanh nghi\u1ec7p; thay \u0111\u1ed5i b\u1ed5 sung ng\u00e0nh ngh\u1ec1 kinh doanh, thay \u0111\u1ed5i th\u00e0nh vi\u00ean, c\u1ed5 \u0111\u00f4ng, t\u0103ng v\u1ed1n;\u2026 \u2022 [&hellip;]<\/p>\n","protected":false},"author":1,"featured_media":0,"parent":0,"menu_order":0,"comment_status":"closed","ping_status":"closed","template":"","meta":[],"_links":{"self":[{"href":"http:\/\/luatsudonga.org.vn\/index.php\/wp-json\/wp\/v2\/pages\/387"}],"collection":[{"href":"http:\/\/luatsudonga.org.vn\/index.php\/wp-json\/wp\/v2\/pages"}],"about":[{"href":"http:\/\/luatsudonga.org.vn\/index.php\/wp-json\/wp\/v2\/types\/page"}],"author":[{"embeddable":true,"href":"http:\/\/luatsudonga.org.vn\/index.php\/wp-json\/wp\/v2\/users\/1"}],"replies":[{"embeddable":true,"href":"http:\/\/luatsudonga.org.vn\/index.php\/wp-json\/wp\/v2\/comments?post=387"}],"version-history":[{"count":1,"href":"http:\/\/luatsudonga.org.vn\/index.php\/wp-json\/wp\/v2\/pages\/387\/revisions"}],"predecessor-version":[{"id":388,"href":"http:\/\/luatsudonga.org.vn\/index.php\/wp-json\/wp\/v2\/pages\/387\/revisions\/388"}],"wp:attachment":[{"href":"http:\/\/luatsudonga.org.vn\/index.php\/wp-json\/wp\/v2\/media?parent=387"}],"curies":[{"name":"wp","href":"https:\/\/api.w.org\/{rel}","templated":true}]}}