{"id":384,"date":"2021-02-01T04:42:33","date_gmt":"2021-02-01T04:42:33","guid":{"rendered":"http:\/\/luatsudonga.org.vn\/?page_id=384"},"modified":"2021-02-01T04:42:33","modified_gmt":"2021-02-01T04:42:33","slug":"thue-so-huu-tri-tue-bat-dong-san","status":"publish","type":"page","link":"http:\/\/luatsudonga.org.vn\/index.php\/thue-so-huu-tri-tue-bat-dong-san\/","title":{"rendered":"Thu\u1ebf &#8211; S\u1edf h\u1eefu tr\u00ed tu\u1ec7 &#8211; B\u1ea5t \u0111\u1ed9ng s\u1ea3n"},"content":{"rendered":"<p>[vc_row][vc_column][tt_title_shortcode heading=&#8221;Thu\u1ebf &#8211; S\u1edf h\u1eefu tr\u00ed tu\u1ec7 &#8211; B\u1ea5t \u0111\u1ed9ng s\u1ea3n&#8221; size=&#8221;h2&#8243; topheading=&#8221;D\u1ecbch v\u1ee5 ph\u00e1p l\u00fd&#8221;][vc_column_text]<\/p>\n<p style=\"text-align: left;\">\u2022 T\u01b0 v\u1ea5n ph\u00e1p lu\u1eadt li\u00ean quan \u0111\u1ebfn thu\u1ebf;<\/p>\n<p style=\"text-align: left;\">\u2022 Nh\u1eefng quy \u0111\u1ecbnh v\u00e0 h\u1ee3p \u0111\u1ed3ng b\u1eaft bu\u1ed9c, gi\u1ea5y ph\u00e9p cho c\u00e1c nh\u00e0 th\u1ea7u v\u00e0 d\u1ef1 \u00e1n x\u00e2y d\u1ef1ng, \u0111\u1ed1i chi\u1ebfu, ph\u00e2n t\u00edch v\u00e0 gi\u1ea3i th\u00edch cho t\u1ea5t c\u1ea3 c\u00e1c h\u1ee3p \u0111\u1ed3ng v\u00e0 t\u00e0i li\u1ec7u;<\/p>\n<p style=\"text-align: left;\">\u2022 T\u01b0 v\u1ea5n v\u1ec1 quy\u1ec1n v\u00e0 ngh\u0129a v\u1ee5 c\u1ee7a c\u00e1c nh\u00e0 \u0111\u1ea7u t\u01b0, nh\u00e0 th\u1ea7u v\u00e0 nh\u00e0 th\u1ea7u phu;<\/p>\n<p style=\"text-align: left;\">\u2022 \u0110\u1ea1i di\u1ec7n v\u00e0 t\u01b0 v\u1ea5n cho c\u00e1c nh\u00e0 \u0111\u1ea7u t\u01b0 trong n\u01b0\u1edbc v\u00e0 n\u01b0\u1edbc ngo\u00e0i, \u0111\u00e0m ph\u00e1n v\u1edbi c\u00e1c c\u01a1 quan ch\u1ee9c n\u0103ng \u0111\u1ec3 thu\u00ea \u0111\u1ea5t v\u00e0 x\u00e2y d\u1ef1ng c\u00f4ng tr\u00ecnh, ch\u00ednh s\u00e1ch c\u1ee7a ch\u00ednh ph\u1ee7, \u0111i\u1ec1u ki\u1ec7n v\u00e0 \u0111i\u1ec1u kho\u1ea3n cho thu\u00ea \u0111\u1ea5t;<\/p>\n<p style=\"text-align: left;\">\u2022 C\u01a1 c\u1ea5u, d\u1eabn ch\u1ee9ng t\u00e0i li\u1ec7u v\u00e0 t\u00e0i tr\u1ee3 cho c\u00e1c d\u1ef1 \u00e1n b\u1ea5t \u0111\u1ed9ng s\u1ea3n;<\/p>\n<p style=\"text-align: left;\">\u2022 So\u1ea1n th\u1ea3o v\u00e0 t\u01b0 v\u1ea5n ph\u00e1p l\u00fd v\u1ec1 h\u1ee3p \u0111\u1ed3ng thu\u00ea cho b\u00ean thu\u00ea v\u00e0 b\u00ean cho thu\u00ea;<\/p>\n<p style=\"text-align: left;\">\u2022 \u0110\u0103ng k\u00fd nh\u00e3n hi\u1ec7u h\u00e0ng h\u00f3a, s\u00e1ng ch\u1ebf;<\/p>\n<p style=\"text-align: left;\">\u2022 Gi\u1ea3i quy\u1ebft c\u00e1c tranh ch\u1ea5p ph\u00e1t sinh c\u00f3 li\u00ean quan.<\/p>\n<p>[\/vc_column_text][\/vc_column][\/vc_row]<\/p>\n","protected":false},"excerpt":{"rendered":"<p>[vc_row][vc_column][tt_title_shortcode heading=&#8221;Thu\u1ebf &#8211; S\u1edf h\u1eefu tr\u00ed tu\u1ec7 &#8211; B\u1ea5t \u0111\u1ed9ng s\u1ea3n&#8221; size=&#8221;h2&#8243; topheading=&#8221;D\u1ecbch v\u1ee5 ph\u00e1p l\u00fd&#8221;][vc_column_text] \u2022 T\u01b0 v\u1ea5n ph\u00e1p lu\u1eadt li\u00ean quan \u0111\u1ebfn thu\u1ebf; \u2022 Nh\u1eefng quy \u0111\u1ecbnh v\u00e0 h\u1ee3p \u0111\u1ed3ng b\u1eaft bu\u1ed9c, gi\u1ea5y ph\u00e9p cho c\u00e1c nh\u00e0 th\u1ea7u v\u00e0 d\u1ef1 \u00e1n x\u00e2y d\u1ef1ng, \u0111\u1ed1i chi\u1ebfu, ph\u00e2n t\u00edch v\u00e0 gi\u1ea3i th\u00edch cho t\u1ea5t c\u1ea3 [&hellip;]<\/p>\n","protected":false},"author":1,"featured_media":0,"parent":0,"menu_order":0,"comment_status":"closed","ping_status":"closed","template":"","meta":[],"_links":{"self":[{"href":"http:\/\/luatsudonga.org.vn\/index.php\/wp-json\/wp\/v2\/pages\/384"}],"collection":[{"href":"http:\/\/luatsudonga.org.vn\/index.php\/wp-json\/wp\/v2\/pages"}],"about":[{"href":"http:\/\/luatsudonga.org.vn\/index.php\/wp-json\/wp\/v2\/types\/page"}],"author":[{"embeddable":true,"href":"http:\/\/luatsudonga.org.vn\/index.php\/wp-json\/wp\/v2\/users\/1"}],"replies":[{"embeddable":true,"href":"http:\/\/luatsudonga.org.vn\/index.php\/wp-json\/wp\/v2\/comments?post=384"}],"version-history":[{"count":1,"href":"http:\/\/luatsudonga.org.vn\/index.php\/wp-json\/wp\/v2\/pages\/384\/revisions"}],"predecessor-version":[{"id":385,"href":"http:\/\/luatsudonga.org.vn\/index.php\/wp-json\/wp\/v2\/pages\/384\/revisions\/385"}],"wp:attachment":[{"href":"http:\/\/luatsudonga.org.vn\/index.php\/wp-json\/wp\/v2\/media?parent=384"}],"curies":[{"name":"wp","href":"https:\/\/api.w.org\/{rel}","templated":true}]}}