{"id":352,"date":"2021-02-01T03:43:27","date_gmt":"2021-02-01T03:43:27","guid":{"rendered":"http:\/\/luatsudonga.org.vn\/?page_id=352"},"modified":"2025-07-10T10:41:19","modified_gmt":"2025-07-10T10:41:19","slug":"luat-su","status":"publish","type":"page","link":"http:\/\/luatsudonga.org.vn\/index.php\/luat-su\/","title":{"rendered":"Lu\u1eadt s\u01b0"},"content":{"rendered":"<p>[vc_row css=&#8221;.vc_custom_1455186495250{padding-top: -145px !important;padding-bottom: 15px !important;}&#8221;][vc_column][tt_title_shortcode heading=&#8221;Lu\u1eadt s\u01b0&#8221; size=&#8221;h2&#8243; topheading=&#8221;Gi\u1edbi thi\u1ec7u&#8221;][vc_column_text]<\/p>\n<p style=\"text-align: justify;\"><span style=\"font-weight: bold; font-size: 75px; padding-top: 4px; padding-right: 5px; float: left; line-height: 56px;\">N<\/span>h\u00e2n vi\u00ean c\u1ee7a D.A Lawyers g\u1ed3m c\u00e1c lu\u1eadt s\u01b0 n\u0103ng \u0111\u1ed9ng, c\u00f3 n\u0103ng l\u1ef1c chuy\u00ean m\u00f4n cao, gi\u00e0u kinh nghi\u1ec7m th\u1ef1c ti\u1ec5n. Tr\u01b0\u1edbc khi gia nh\u1eadp D.A Lawyers, c\u00e1c lu\u1eadt s\u01b0 v\u00e0 c\u00e1c nh\u00e0 t\u01b0 v\u1ea5n c\u1ee7a ch\u00fang t\u00f4i \u0111\u00e3 t\u00edch lu\u1ef9 \u0111\u01b0\u1ee3c nhi\u1ec1u kinh nghi\u1ec7m qua qu\u00e1 tr\u00ecnh l\u00e0m vi\u1ec7c t\u1ea1i c\u00e1c h\u00e3ng lu\u1eadt uy t\u00edn c\u1ee7a Vi\u1ec7t Nam. Do v\u1eady, ch\u00fang t\u00f4i c\u00f3 \u0111\u1ee7 kh\u1ea3 n\u0103ng cung c\u1ea5p c\u00e1c d\u1ecbch v\u1ee5 ph\u00e1p l\u00fd chuy\u00ean nghi\u1ec7p kh\u00f4ng ch\u1ec9 v\u1edbi kh\u1ea3 n\u0103ng chuy\u00ean m\u00f4n c\u1ee7a c\u00e1c lu\u1eadt s\u01b0 m\u00e0 c\u00f2n th\u1ea5u hi\u1ec3u kh\u00e1ch h\u00e0ng nh\u01b0 m\u1ed9t lu\u1eadt s\u01b0 n\u1ed9i b\u1ed9 c\u1ee7a h\u1ecd.<\/p>\n<p>[\/vc_column_text][\/vc_column][\/vc_row][vc_row full_width=&#8221;stretch_row&#8221; css=&#8221;.vc_custom_1455186606709{padding-top: 65px !important;padding-bottom: 40px !important;background-color: #f4f4f4 !important;}&#8221;][vc_column][vc_row_inner css=&#8221;.vc_custom_1453891983095{margin-top: 0px !important;margin-bottom: 0px !important;padding-top: 0px !important;padding-bottom: 0px !important;}&#8221;][vc_column_inner css=&#8221;.vc_custom_1453890820785{margin-top: 0px !important;margin-bottom: 0px !important;padding-top: 0px !important;padding-bottom: 0px !important;}&#8221;][tt_practice_shortcode image=&#8221;14056&#8243; title=&#8221;Th\u1ea1c s\u0129, Lu\u1eadt s\u01b0: L\u00ea V\u0103n Nam &#8211; Gi\u00e1m \u0111\u1ed1c, Ch\u1ee7 t\u1ecbch H\u0110TV C\u00f4ng ty&#8221; description=&#8221;Lu\u1eadt s\u01b0 Nam hi\u1ec7n gi\u1eef ch\u1ee9c v\u1ee5 \u1ee6y vi\u00ean H\u1ed9i \u0111\u1ed3ng Lu\u1eadt s\u01b0 to\u00e0n qu\u1ed1c, Ph\u00f3 Tr\u01b0\u1edfng C\u01a1 quan \u0111\u1ea1i di\u1ec7n Li\u00ean \u0111o\u00e0n Lu\u1eadt s\u01b0 Vi\u1ec7t Nam t\u1ea1i Tp. H\u1ed3 Ch\u00ed Minh, Ch\u1ee7 nhi\u1ec7m \u0110o\u00e0n Lu\u1eadt s\u01b0 t\u1ec9nh B\u00ecnh Ph\u01b0\u1edbc v\u00e0 \u0111\u01b0\u1ee3c Li\u00ean \u0111o\u00e0n Lu\u1eadt s\u01b0 Vi\u1ec7t Nam t\u1eb7ng B\u1eb1ng khen nhi\u1ec1u n\u0103m li\u1ec1n v\u00ec c\u00f3 th\u00e0nh t\u00edch n\u1ed5i b\u1eadt trong x\u00e2y d\u1ef1ng \u0110o\u00e0n Lu\u1eadt s\u01b0 v\u00e0 ho\u1ea1t \u0111\u1ed9ng h\u00e0nh ngh\u1ec1 Lu\u1eadt s\u01b0. Lu\u1eadt s\u01b0 Nam c\u00f3 kinh nghi\u1ec7m h\u00e0nh ngh\u1ec1 Lu\u1eadt s\u01b0 h\u01a1n 20 n\u0103m trong l\u0129nh v\u1ef1c t\u01b0 v\u1ea5n ph\u00e1p lu\u1eadt, n\u1ed5i b\u1eadt l\u00e0 l\u0129nh v\u1ef1c \u0111\u1ea7u t\u01b0, so\u1ea1n th\u1ea3o c\u00e1c H\u1ee3p \u0111\u1ed3ng kinh doanh, th\u01b0\u01a1ng m\u1ea1i, tham gia \u0111\u00e0m ph\u00e1n v\u00e0 tranh t\u1ee5ng trong c\u00e1c v\u1ee5 \u00e1n kinh doanh th\u01b0\u01a1ng m\u1ea1i, d\u00e2n s\u1ef1, lao \u0111\u1ed9ng, tranh ch\u1ea5p \u0111\u1ea5t \u0111ai, b\u1ea3o hi\u1ec3m, h\u00ecnh s\u1ef1.&#8221; add_button=&#8221;yes&#8221;][\/vc_column_inner][\/vc_row_inner][vc_row_inner css=&#8221;.vc_custom_1453892030695{margin-top: 0px !important;margin-bottom: 0px !important;padding-top: 0px !important;padding-bottom: 0px !important;}&#8221;][vc_column_inner css=&#8221;.vc_custom_1453890820785{margin-top: 0px !important;margin-bottom: 0px !important;padding-top: 0px !important;padding-bottom: 0px !important;}&#8221;][tt_practice_shortcode image=&#8221;14060&#8243; title=&#8221;Th\u1ea1c s\u0129, Lu\u1eadt s\u01b0: \u0110\u1ed7 Th\u1ecb Hu\u1ec7 &#8211; Tr\u01b0\u1edfng ph\u00f2ng&#8221; description=&#8221;Lu\u1eadt s\u01b0 Hu\u1ec7 c\u00f3 tr\u00ecnh \u0111\u1ed9 Th\u1ea1c s\u0129 lu\u1eadt, v\u1edbi th\u1eddi gian c\u00f4ng t\u00e1c ph\u00e1p lu\u1eadt h\u01a1n 08 n\u0103m t\u1ea1i C\u00f4ng ty Lu\u1eadt TNHH \u0110\u00f4ng \u00c1, c\u00f3 nhi\u1ec1u kinh nghi\u1ec7m trong l\u0129nh v\u1ef1c t\u01b0 v\u1ea5n \u0111\u1ea7u t\u01b0, so\u1ea1n th\u1ea3o h\u1ee3p \u0111\u1ed3ng, v\u0103n b\u1ea3n ph\u00e1p l\u00fd li\u00ean quan \u0111\u1ebfn doanh nghi\u1ec7p, tham gia t\u1ed1 t\u1ee5ng trong c\u00e1c v\u1ee5 \u00e1n h\u00e0nh ch\u00ednh, d\u00e2n s\u1ef1, b\u1ea3o hi\u1ec3m, lao \u0111\u1ed9ng, tr\u1ecdng t\u00e0i th\u01b0\u01a1ng m\u1ea1i.&#8221;][\/vc_column_inner][\/vc_row_inner][vc_row_inner css=&#8221;.vc_custom_1453892042449{margin-top: 0px !important;margin-bottom: 0px !important;padding-top: 0px !important;padding-bottom: 0px !important;}&#8221;][vc_column_inner css=&#8221;.vc_custom_1453890820785{margin-top: 0px !important;margin-bottom: 0px !important;padding-top: 0px !important;padding-bottom: 0px !important;}&#8221;][tt_practice_shortcode image=&#8221;317&#8243; title=&#8221;Lu\u1eadt s\u01b0: Ho\u00e0ng \u0110\u1ee9c Th\u1ecd &#8211; Tr\u01b0\u1edfng ph\u00f2ng&#8221; description=&#8221;Lu\u1eadt s\u01b0 Th\u1ecd c\u00f3 kinh nghi\u1ec7m h\u00e0nh ngh\u1ec1 Lu\u1eadt s\u01b0 h\u01a1n 12 n\u0103m, c\u00f3 nhi\u1ec1u kinh nghi\u1ec7m t\u01b0 v\u1ea5n \u0111\u1ea7u t\u01b0, tham gia t\u1ed1 t\u1ee5ng trong c\u00e1c v\u1ee5 \u00e1n lao \u0111\u1ed9ng, d\u00e2n s\u1ef1, kinh doanh th\u01b0\u01a1ng m\u1ea1i, h\u00f4n nh\u00e2n gia \u0111\u00ecnh, qu\u1ea3n l\u00fd, ki\u1ec3m so\u00e1t t\u00e0i ch\u00ednh, t\u00e0i s\u1ea3n doanh nghi\u1ec7p.&#8221;][\/vc_column_inner][\/vc_row_inner][vc_row_inner css=&#8221;.vc_custom_1453892042449{margin-top: 0px !important;margin-bottom: 0px !important;padding-top: 0px !important;padding-bottom: 0px !important;}&#8221;][vc_column_inner css=&#8221;.vc_custom_1453890820785{margin-top: 0px !important;margin-bottom: 0px !important;padding-top: 0px !important;padding-bottom: 0px !important;}&#8221;][tt_practice_shortcode image=&#8221;680&#8243; title=&#8221;Lu\u1eadt s\u01b0: H\u1ed2 CH\u00cd B\u1eecU &#8211; Tr\u01b0\u1edfng Chi nh\u00e1nh S\u00f3c Tr\u0103ng&#8221; description=&#8221;Lu\u1eadt s\u01b0 B\u1eedu ho\u1ea1t \u0111\u1ed9ng trong l\u0129nh v\u1ef1c ph\u00e1p lu\u1eadt h\u01a1n 30 n\u0103m. Tr\u01b0\u1edbc khi h\u00e0nh ngh\u1ec1 v\u1edbi t\u01b0 c\u00e1ch Lu\u1eadt s\u01b0, Lu\u1eadt s\u01b0 B\u1eedu t\u1eebng c\u00f4ng t\u00e1c t\u1ea1i T\u00f2a \u00e1n nh\u00e2n d\u00e2n t\u1ec9nh S\u00f3c Tr\u0103ng v\u1edbi ch\u1ee9c v\u1ee5 Ch\u00e1nh T\u00f2a Kinh t\u1ebf. Lu\u1eadt s\u01b0 B\u1eedu c\u00f3 nhi\u1ec1u n\u0103m kinh nghi\u1ec7m trong gi\u1ea3i quy\u1ebft tranh ch\u1ea5p li\u00ean quan \u0111\u1ebfn c\u00e1c l\u0129nh v\u1ef1c kinh doanh th\u01b0\u01a1ng m\u1ea1i, lao \u0111\u1ed9ng, d\u00e2n s\u1ef1.&#8221;][\/vc_column_inner][\/vc_row_inner][vc_row_inner css=&#8221;.vc_custom_1453892042449{margin-top: 0px !important;margin-bottom: 0px !important;padding-top: 0px !important;padding-bottom: 0px !important;}&#8221;][vc_column_inner css=&#8221;.vc_custom_1453890820785{margin-top: 0px !important;margin-bottom: 0px !important;padding-top: 0px !important;padding-bottom: 0px !important;}&#8221;][tt_practice_shortcode image=&#8221;14067&#8243; title=&#8221;Lu\u1eadt s\u01b0: L\u1ed7 Th\u1ecb Dung&#8221; description=&#8221;Lu\u1eadt s\u01b0 Dung c\u00f3 nhi\u1ec1u kinh nghi\u1ec7m trong l\u0129nh v\u1ef1c t\u01b0 v\u1ea5n v\u00e0 th\u1ef1c hi\u1ec7n th\u1ee7 t\u1ee5c \u0111\u1ea7u t\u01b0 c\u00f3 y\u1ebfu t\u1ed1 n\u01b0\u1edbc ngo\u00e0i, tham gia t\u1ed1 t\u1ee5ng gi\u1ea3i quy\u1ebft c\u00e1c v\u1ee5 \u00e1n v\u1ec1 kinh doanh th\u01b0\u01a1ng m\u1ea1i, tranh ch\u1ea5p n\u1ed9i b\u1ed9 doanh nghi\u1ec7p, thu\u1ebf, lao \u0111\u1ed9ng.&#8221;][\/vc_column_inner][\/vc_row_inner][vc_row_inner css=&#8221;.vc_custom_1453892042449{margin-top: 0px !important;margin-bottom: 0px !important;padding-top: 0px !important;padding-bottom: 0px !important;}&#8221;][vc_column_inner css=&#8221;.vc_custom_1453890820785{margin-top: 0px !important;margin-bottom: 0px !important;padding-top: 0px !important;padding-bottom: 0px !important;}&#8221;][tt_practice_shortcode image=&#8221;14063&#8243; title=&#8221;Th\u1ea1c s\u0129, Lu\u1eadt s\u01b0: Tr\u1ea7n Ch\u00ed Nguy\u1ec7n&#8221; description=&#8221;Lu\u1eadt s\u01b0 Nguy\u1ec7n c\u00f3 nhi\u1ec1u kinh nghi\u1ec7m trong l\u0129nh v\u1ef1c t\u01b0 v\u1ea5n c\u00e1c v\u1ea5n \u0111\u1ec1 li\u00ean quan \u0111\u1ebfn kinh doanh th\u01b0\u01a1ng m\u1ea1i, qu\u1ea3n tr\u1ecb n\u1ed9i b\u1ed9 doanh nghi\u1ec7p, tham gia t\u1ed1 t\u1ee5ng trong c\u00e1c v\u1ee5 \u00e1n h\u00e0nh ch\u00ednh, d\u00e2n s\u1ef1, lao \u0111\u1ed9ng.&#8221;][\/vc_column_inner][\/vc_row_inner][vc_row_inner css=&#8221;.vc_custom_1453892042449{margin-top: 0px !important;margin-bottom: 0px !important;padding-top: 0px !important;padding-bottom: 0px !important;}&#8221;][vc_column_inner css=&#8221;.vc_custom_1453890820785{margin-top: 0px !important;margin-bottom: 0px !important;padding-top: 0px !important;padding-bottom: 0px !important;}&#8221;][tt_practice_shortcode image=&#8221;14069&#8243; title=&#8221;Lu\u1eadt s\u01b0: Nguy\u1ec5n Thanh T\u00fa&#8221;][\/vc_column_inner][\/vc_row_inner][vc_row_inner css=&#8221;.vc_custom_1453892042449{margin-top: 0px !important;margin-bottom: 0px !important;padding-top: 0px !important;padding-bottom: 0px !important;}&#8221;][vc_column_inner css=&#8221;.vc_custom_1453890820785{margin-top: 0px !important;margin-bottom: 0px !important;padding-top: 0px !important;padding-bottom: 0px !important;}&#8221;][tt_practice_shortcode image=&#8221;14064&#8243; title=&#8221;Tr\u1ee3 l\u00fd lu\u1eadt s\u01b0: C\u1ed9ng B\u1ea3o Ch\u00e2u&#8221;][\/vc_column_inner][\/vc_row_inner][vc_row_inner css=&#8221;.vc_custom_1453892042449{margin-top: 0px !important;margin-bottom: 0px !important;padding-top: 0px !important;padding-bottom: 0px !important;}&#8221;][vc_column_inner css=&#8221;.vc_custom_1453890820785{margin-top: 0px !important;margin-bottom: 0px !important;padding-top: 0px !important;padding-bottom: 0px !important;}&#8221;][tt_practice_shortcode image=&#8221;14070&#8243; title=&#8221;Tr\u1ee3 l\u00fd lu\u1eadt s\u01b0: Nguy\u1ec5n L\u00ea Lan Ph\u01b0\u01a1ng&#8221;][\/vc_column_inner][\/vc_row_inner][\/vc_column][\/vc_row]<\/p>\n","protected":false},"excerpt":{"rendered":"<p>[vc_row css=&#8221;.vc_custom_1455186495250{padding-top: -145px !important;padding-bottom: 15px !important;}&#8221;][vc_column][tt_title_shortcode heading=&#8221;Lu\u1eadt s\u01b0&#8221; size=&#8221;h2&#8243; topheading=&#8221;Gi\u1edbi thi\u1ec7u&#8221;][vc_column_text] Nh\u00e2n vi\u00ean c\u1ee7a D.A Lawyers g\u1ed3m c\u00e1c lu\u1eadt s\u01b0 n\u0103ng \u0111\u1ed9ng, c\u00f3 n\u0103ng l\u1ef1c chuy\u00ean m\u00f4n cao, gi\u00e0u kinh nghi\u1ec7m th\u1ef1c ti\u1ec5n. Tr\u01b0\u1edbc khi gia nh\u1eadp D.A Lawyers, c\u00e1c lu\u1eadt s\u01b0 v\u00e0 c\u00e1c nh\u00e0 t\u01b0 v\u1ea5n c\u1ee7a ch\u00fang t\u00f4i \u0111\u00e3 t\u00edch lu\u1ef9 \u0111\u01b0\u1ee3c nhi\u1ec1u [&hellip;]<\/p>\n","protected":false},"author":1,"featured_media":0,"parent":0,"menu_order":0,"comment_status":"closed","ping_status":"closed","template":"","meta":[],"_links":{"self":[{"href":"http:\/\/luatsudonga.org.vn\/index.php\/wp-json\/wp\/v2\/pages\/352"}],"collection":[{"href":"http:\/\/luatsudonga.org.vn\/index.php\/wp-json\/wp\/v2\/pages"}],"about":[{"href":"http:\/\/luatsudonga.org.vn\/index.php\/wp-json\/wp\/v2\/types\/page"}],"author":[{"embeddable":true,"href":"http:\/\/luatsudonga.org.vn\/index.php\/wp-json\/wp\/v2\/users\/1"}],"replies":[{"embeddable":true,"href":"http:\/\/luatsudonga.org.vn\/index.php\/wp-json\/wp\/v2\/comments?post=352"}],"version-history":[{"count":24,"href":"http:\/\/luatsudonga.org.vn\/index.php\/wp-json\/wp\/v2\/pages\/352\/revisions"}],"predecessor-version":[{"id":14335,"href":"http:\/\/luatsudonga.org.vn\/index.php\/wp-json\/wp\/v2\/pages\/352\/revisions\/14335"}],"wp:attachment":[{"href":"http:\/\/luatsudonga.org.vn\/index.php\/wp-json\/wp\/v2\/media?parent=352"}],"curies":[{"name":"wp","href":"https:\/\/api.w.org\/{rel}","templated":true}]}}