{"id":350,"date":"2021-02-01T03:29:38","date_gmt":"2021-02-01T03:29:38","guid":{"rendered":"http:\/\/luatsudonga.org.vn\/?page_id=350"},"modified":"2022-03-20T01:09:49","modified_gmt":"2022-03-20T01:09:49","slug":"gia-tri-cot-loi","status":"publish","type":"page","link":"http:\/\/luatsudonga.org.vn\/index.php\/gia-tri-cot-loi\/","title":{"rendered":"Gi\u00e1 tr\u1ecb c\u1ed1t l\u00f5i"},"content":{"rendered":"<p>[vc_row][vc_column][tt_title_shortcode heading=&#8221;Gi\u00e1 tr\u1ecb c\u1ed1t l\u00f5i&#8221; size=&#8221;h2&#8243; topheading=&#8221;Gi\u1edbi thi\u1ec7u&#8221;][vc_column_text]<\/p>\n<p style=\"text-align: justify;\"><span style=\"font-weight: bold; font-size: 75px; padding-top: 4px; padding-right: 5px; float: left; line-height: 56px;\">C<\/span>h\u00eca kho\u00e1 d\u1eabn \u0111\u1ebfn th\u00e0nh c\u00f4ng c\u1ee7a ch\u00fang t\u00f4i ch\u00ednh l\u00e0 kh\u1ea3 n\u0103ng cung c\u1ea5p c\u00e1c d\u1ecbch v\u1ee5 ph\u00e1p l\u00fd theo \u0111\u00fang y\u00eau c\u1ea7u c\u1ee7a kh\u00e1ch h\u00e0ng. X\u00e2y d\u1ef1ng v\u00e0 duy tr\u00ec c\u00e1c m\u1ed1i quan h\u1ec7 t\u1ed1t \u0111\u1eb9p v\u1edbi kh\u00e1ch h\u00e0ng c\u0169ng l\u00e0 m\u1ed9t ph\u1ea7n thi\u1ebft y\u1ebfu trong c\u00e1c d\u1ecbch v\u1ee5 v\u00e0 ph\u01b0\u01a1ng ch\u00e2m ho\u1ea1t \u0111\u1ed9ng c\u1ee7a c\u00e1c Lu\u1eadt s\u01b0. Kh\u00e1ch h\u00e0ng c\u00f3 th\u1ec3 an t\u00e2m r\u1eb1ng c\u00e1c Lu\u1eadt s\u01b0 c\u1ee7a ch\u00fang t\u00f4i lu\u00f4n c\u1ed1 g\u1eafng h\u1ebft s\u1ee9c \u0111\u1ec3 c\u00f3 th\u1ec3 gi\u00fap kh\u00e1ch h\u00e0ng gi\u1ea3i quy\u1ebft v\u1ea5n \u0111\u1ec1 c\u1ee7a m\u00ecnh theo h\u01b0\u1edbng t\u1ed1t nh\u1ea5t. Kh\u00e1ch h\u00e0ng s\u1ebd lu\u00f4n nh\u1eadn \u0111\u01b0\u1ee3c nh\u1eefng \u00fd ki\u1ebfn t\u01b0 v\u1ea5n chu\u1ea9n x\u00e1c v\u00e0 k\u1ecbp th\u1eddi nh\u1ea5t, v\u00e0 s\u1ebd lu\u00f4n \u0111\u01b0\u1ee3c lu\u1eadt s\u01b0 c\u1ee7a ch\u00fang t\u00f4i c\u1eadp nh\u1eadt m\u1ecdi th\u00f4ng tin c\u1ea7n thi\u1ebft li\u00ean quan \u0111\u1ebfn v\u1ee5 vi\u1ec7c c\u1ee7a m\u00ecnh.<\/p>\n<p style=\"text-align: justify;\">D.A Lawyers \u0111\u00e3 v\u00e0 \u0111ang th\u1ef1c hi\u1ec7n tranh t\u1ee5ng, t\u01b0 v\u1ea5n th\u00e0nh c\u00f4ng cho nhi\u1ec1u kh\u00e1ch h\u00e0ng, doanh nghi\u1ec7p l\u1edbn, c\u00f3 danh ti\u1ebfng c\u0169ng nh\u01b0 c\u00e1c doanh nghi\u1ec7p v\u1eeba v\u00e0 nh\u1ecf trong n\u01b0\u1edbc \u1edf nhi\u1ec1u l\u0129nh v\u1ef1c ph\u00e1p l\u00fd kh\u00e1c nhau. V\u1edbi kh\u1ea3 n\u0103ng chuy\u00ean m\u00f4n v\u00e0 hi\u1ec7u qu\u1ea3 c\u00f4ng vi\u1ec7c cao \u0111\u01b0\u1ee3c minh ch\u1ee9ng trong ho\u1ea1t \u0111\u1ed9ng kinh doanh h\u00e0ng ng\u00e0y. T\u1ea5t c\u1ea3 c\u00e1c kh\u00e1ch h\u00e0ng c\u1ee7a ch\u00fang t\u00f4i, b\u1ea5t k\u1ec3 quy m\u00f4 v\u00e0 lo\u1ea1i h\u00ecnh ho\u1ea1t \u0111\u1ed9ng, \u0111\u1ec1u c\u00f3 th\u1ec3 ch\u1eafc ch\u1eafn r\u1eb1ng D.A Lawyers kh\u00f4ng ch\u1ec9 cung c\u1ea5p d\u1ecbch v\u1ee5 t\u01b0 v\u1ea5n t\u1ed1t nh\u1ea5t m\u00e0 c\u00f2n mang \u0111\u1ebfn nh\u1eefng gi\u1ea3i ph\u00e1p h\u1eefu \u00edch v\u00e0 kh\u1ea3 thi nh\u1ea5t cho c\u00f4ng vi\u1ec7c kinh doanh c\u1ee7a m\u00ecnh.<\/p>\n<p style=\"text-align: justify;\">\u0110\u1ebfn v\u1edbi C\u00f4ng ty lu\u1eadt TNHH \u0110\u00f4ng \u00c1, kh\u00e1ch h\u00e0ng s\u1ebd \u0111\u01b0\u1ee3c ph\u1ee5c v\u1ee5 m\u1ed9t c\u00e1ch t\u1eadn t\u00ecnh, chu \u0111\u00e1o v\u00e0 hi\u1ec7u qu\u1ea3 v\u1edbi phong c\u00e1ch chuy\u00ean nghi\u1ec7p cao. M\u1ed9t \u0111\u1ed9i ng\u0169 Lu\u1eadt s\u01b0 \u0111\u1ea7y kinh nghi\u1ec7m c\u00f9ng c\u00e1c Chuy\u00ean vi\u00ean ph\u00e1p l\u00fd tr\u1ebb trung, n\u0103ng \u0111\u1ed9ng, s\u00e1ng t\u1ea1o v\u00e0 d\u0169ng c\u1ea3m, lu\u00f4n h\u00e0nh ngh\u1ec1 v\u1edbi ph\u01b0\u01a1ng ch\u00e2m \u201cT\u1eadn t\u00e2m v\u1edbi c\u00f4ng vi\u1ec7c, h\u1ebft l\u00f2ng v\u1edbi kh\u00e1ch h\u00e0ng\u201d, ch\u00fang t\u00f4i lu\u00f4n c\u1ed1 g\u1eafng \u0111\u00f3ng g\u00f3p tr\u00ed tu\u1ec7, s\u1ee9c l\u1ef1c \u0111\u1ec3 ho\u00e0n th\u00e0nh t\u1ed1t m\u1ecdi tr\u00e1ch nhi\u1ec7m c\u1ee7a m\u00ecnh.<\/p>\n<p>[\/vc_column_text][\/vc_column][\/vc_row]<\/p>\n","protected":false},"excerpt":{"rendered":"<p>[vc_row][vc_column][tt_title_shortcode heading=&#8221;Gi\u00e1 tr\u1ecb c\u1ed1t l\u00f5i&#8221; size=&#8221;h2&#8243; topheading=&#8221;Gi\u1edbi thi\u1ec7u&#8221;][vc_column_text] Ch\u00eca kho\u00e1 d\u1eabn \u0111\u1ebfn th\u00e0nh c\u00f4ng c\u1ee7a ch\u00fang t\u00f4i ch\u00ednh l\u00e0 kh\u1ea3 n\u0103ng cung c\u1ea5p c\u00e1c d\u1ecbch v\u1ee5 ph\u00e1p l\u00fd theo \u0111\u00fang y\u00eau c\u1ea7u c\u1ee7a kh\u00e1ch h\u00e0ng. X\u00e2y d\u1ef1ng v\u00e0 duy tr\u00ec c\u00e1c m\u1ed1i quan h\u1ec7 t\u1ed1t \u0111\u1eb9p v\u1edbi kh\u00e1ch h\u00e0ng c\u0169ng l\u00e0 m\u1ed9t ph\u1ea7n thi\u1ebft y\u1ebfu [&hellip;]<\/p>\n","protected":false},"author":1,"featured_media":0,"parent":0,"menu_order":0,"comment_status":"closed","ping_status":"closed","template":"","meta":[],"_links":{"self":[{"href":"http:\/\/luatsudonga.org.vn\/index.php\/wp-json\/wp\/v2\/pages\/350"}],"collection":[{"href":"http:\/\/luatsudonga.org.vn\/index.php\/wp-json\/wp\/v2\/pages"}],"about":[{"href":"http:\/\/luatsudonga.org.vn\/index.php\/wp-json\/wp\/v2\/types\/page"}],"author":[{"embeddable":true,"href":"http:\/\/luatsudonga.org.vn\/index.php\/wp-json\/wp\/v2\/users\/1"}],"replies":[{"embeddable":true,"href":"http:\/\/luatsudonga.org.vn\/index.php\/wp-json\/wp\/v2\/comments?post=350"}],"version-history":[{"count":4,"href":"http:\/\/luatsudonga.org.vn\/index.php\/wp-json\/wp\/v2\/pages\/350\/revisions"}],"predecessor-version":[{"id":14015,"href":"http:\/\/luatsudonga.org.vn\/index.php\/wp-json\/wp\/v2\/pages\/350\/revisions\/14015"}],"wp:attachment":[{"href":"http:\/\/luatsudonga.org.vn\/index.php\/wp-json\/wp\/v2\/media?parent=350"}],"curies":[{"name":"wp","href":"https:\/\/api.w.org\/{rel}","templated":true}]}}